{"id":2424,"date":"2021-10-20T17:32:21","date_gmt":"2021-10-20T20:32:21","guid":{"rendered":"https:\/\/plkc.com.br\/?page_id=2424"},"modified":"2021-10-26T11:46:02","modified_gmt":"2021-10-26T14:46:02","slug":"mais-conexao-mais-direitos","status":"publish","type":"page","link":"https:\/\/plkc.com.br\/en\/mais-conexao-mais-direitos\/","title":{"rendered":"MaisConex\u00e3o MaisDireitos"},"content":{"rendered":"<div data-elementor-type=\"wp-page\" data-elementor-id=\"2424\" class=\"elementor elementor-2424\">\n\t\t\t\t\t\t<section class=\"elementor-section elementor-top-section elementor-element elementor-element-b653915 elementor-section-full_width elementor-section-height-min-height elementor-section-height-default elementor-section-items-middle\" data-id=\"b653915\" data-element_type=\"section\" data-settings=\"{&quot;background_background&quot;:&quot;classic&quot;}\">\n\t\t\t\t\t\t\t<div class=\"elementor-background-overlay\"><\/div>\n\t\t\t\t\t\t\t<div class=\"elementor-container elementor-column-gap-default\">\n\t\t\t\t\t<div class=\"elementor-column elementor-col-100 elementor-top-column elementor-element elementor-element-2895155\" data-id=\"2895155\" data-element_type=\"column\">\n\t\t\t<div class=\"elementor-widget-wrap\">\n\t\t\t\t\t\t\t<\/div>\n\t\t<\/div>\n\t\t\t\t\t<\/div>\n\t\t<\/section>\n\t\t\t\t<section class=\"elementor-section elementor-top-section elementor-element elementor-element-793fdba elementor-section-boxed elementor-section-height-default elementor-section-height-default\" data-id=\"793fdba\" data-element_type=\"section\">\n\t\t\t\t\t\t<div class=\"elementor-container elementor-column-gap-default\">\n\t\t\t\t\t<div class=\"elementor-column elementor-col-100 elementor-top-column elementor-element elementor-element-c7d55ae\" data-id=\"c7d55ae\" data-element_type=\"column\">\n\t\t\t<div class=\"elementor-widget-wrap elementor-element-populated\">\n\t\t\t\t\t\t<div class=\"elementor-element elementor-element-a46605d elementor-widget elementor-widget-image\" data-id=\"a46605d\" data-element_type=\"widget\" data-widget_type=\"image.default\">\n\t\t\t\t<div class=\"elementor-widget-container\">\n\t\t\t\t\t\t\t\t\t\t\t\t\t\t\t<img fetchpriority=\"high\" decoding=\"async\" width=\"1200\" height=\"675\" src=\"https:\/\/plkc.com.br\/wp-content\/uploads\/2021\/10\/maisconexao-maisdireitos-2.jpg\" class=\"attachment-full size-full wp-image-2479\" alt=\"MaisConex\u00e3o MaisDireitos\" srcset=\"https:\/\/plkc.com.br\/wp-content\/uploads\/2021\/10\/maisconexao-maisdireitos-2.jpg 1200w, https:\/\/plkc.com.br\/wp-content\/uploads\/2021\/10\/maisconexao-maisdireitos-2-300x169.jpg 300w, https:\/\/plkc.com.br\/wp-content\/uploads\/2021\/10\/maisconexao-maisdireitos-2-1024x576.jpg 1024w, https:\/\/plkc.com.br\/wp-content\/uploads\/2021\/10\/maisconexao-maisdireitos-2-768x432.jpg 768w, https:\/\/plkc.com.br\/wp-content\/uploads\/2021\/10\/maisconexao-maisdireitos-2-18x10.jpg 18w\" sizes=\"(max-width: 1200px) 100vw, 1200px\" \/>\t\t\t\t\t\t\t\t\t\t\t\t\t\t\t<\/div>\n\t\t\t\t<\/div>\n\t\t\t\t\t<\/div>\n\t\t<\/div>\n\t\t\t\t\t<\/div>\n\t\t<\/section>\n\t\t\t\t<section class=\"elementor-section elementor-top-section elementor-element elementor-element-28a6333 elementor-section-boxed elementor-section-height-default elementor-section-height-default\" data-id=\"28a6333\" data-element_type=\"section\">\n\t\t\t\t\t\t<div class=\"elementor-container elementor-column-gap-default\">\n\t\t\t\t\t<div class=\"elementor-column elementor-col-33 elementor-top-column elementor-element elementor-element-90c6715\" data-id=\"90c6715\" data-element_type=\"column\">\n\t\t\t<div class=\"elementor-widget-wrap elementor-element-populated\">\n\t\t\t\t\t\t<div class=\"elementor-element elementor-element-16a28b5 elementor-widget elementor-widget-heading\" data-id=\"16a28b5\" data-element_type=\"widget\" data-widget_type=\"heading.default\">\n\t\t\t\t<div class=\"elementor-widget-container\">\n\t\t\t\t\t<div class=\"elementor-heading-title elementor-size-default\">Social Responsibility<\/div>\t\t\t\t<\/div>\n\t\t\t\t<\/div>\n\t\t\t\t<div class=\"elementor-element elementor-element-df94aeb elementor-widget elementor-widget-heading\" data-id=\"df94aeb\" data-element_type=\"widget\" data-widget_type=\"heading.default\">\n\t\t\t\t<div class=\"elementor-widget-container\">\n\t\t\t\t\t<h1 class=\"elementor-heading-title elementor-size-default\">#MaisConex\u00e3o #MaisDireitos<\/h1>\t\t\t\t<\/div>\n\t\t\t\t<\/div>\n\t\t\t\t<div class=\"elementor-element elementor-element-810c873 elementor-widget elementor-widget-image\" data-id=\"810c873\" data-element_type=\"widget\" data-widget_type=\"image.default\">\n\t\t\t\t<div class=\"elementor-widget-container\">\n\t\t\t\t\t\t\t\t\t\t\t\t\t\t\t\t<a href=\"https:\/\/bit.ly\/3a2KEWi\" target=\"_blank\" rel=\"noopener\">\n\t\t\t\t\t\t\t<img decoding=\"async\" width=\"300\" height=\"185\" src=\"https:\/\/plkc.com.br\/wp-content\/uploads\/2021\/03\/unicef-300x185.jpg\" class=\"attachment-medium size-medium wp-image-2026\" alt=\"logo unicef para cada crian\u00e7a\" srcset=\"https:\/\/plkc.com.br\/wp-content\/uploads\/2021\/03\/unicef-300x185.jpg 300w, https:\/\/plkc.com.br\/wp-content\/uploads\/2021\/03\/unicef-16x10.jpg 16w, https:\/\/plkc.com.br\/wp-content\/uploads\/2021\/03\/unicef.jpg 500w\" sizes=\"(max-width: 300px) 100vw, 300px\" \/>\t\t\t\t\t\t\t\t<\/a>\n\t\t\t\t\t\t\t\t\t\t\t\t\t\t\t<\/div>\n\t\t\t\t<\/div>\n\t\t\t\t\t<\/div>\n\t\t<\/div>\n\t\t\t\t<div class=\"elementor-column elementor-col-66 elementor-top-column elementor-element elementor-element-8589c69\" data-id=\"8589c69\" data-element_type=\"column\">\n\t\t\t<div class=\"elementor-widget-wrap elementor-element-populated\">\n\t\t\t\t\t\t<div class=\"elementor-element elementor-element-6922ccd elementor-widget elementor-widget-text-editor\" data-id=\"6922ccd\" data-element_type=\"widget\" data-widget_type=\"text-editor.default\">\n\t\t\t\t<div class=\"elementor-widget-container\">\n\t\t\t\t\t\t\t\t\t<p>PLKC Advogados e UNICEF fazem parceria em prol da educa\u00e7\u00e3o de jovens em situa\u00e7\u00e3o de vulnerabilidade e lan\u00e7am a campanha #MaisConex\u00e3o #MaisDireitos.<\/p><p>Al\u00e9m do impacto direto na sa\u00fade de milhares de pessoas, a crise da COVID-19 tamb\u00e9m tem acelerado as desigualdades sociais e econ\u00f4micas existentes entre diferentes grupos da sociedade brasileira, atingindo em cheio os jovens que n\u00e3o t\u00eam acesso \u00e0 internet, considerando que as aulas presenciais ainda est\u00e3o longe de voltar \u00e0 normalidade e o ensino online ou h\u00edbrido \u00e9 a nova realidade.<\/p><p>Diante desse cen\u00e1rio, buscando evitar a evas\u00e3o escolar e o recrudescimento\u00a0 das assimetrias s\u00f3cioecon\u00f4micas, o Unicef e o PLKC se uniram para transformar doa\u00e7\u00f5es em dinheiro em kits de conectividade que chegar\u00e3o com seguran\u00e7a a jovens estudantes de escolas p\u00fablicas de S\u00e3o Paulo e da regi\u00e3o Norte do pa\u00eds.<\/p>\t\t\t\t\t\t\t\t<\/div>\n\t\t\t\t<\/div>\n\t\t\t\t\t<\/div>\n\t\t<\/div>\n\t\t\t\t\t<\/div>\n\t\t<\/section>\n\t\t\t\t<section class=\"elementor-section elementor-top-section elementor-element elementor-element-00c86ea elementor-section-boxed elementor-section-height-default elementor-section-height-default\" data-id=\"00c86ea\" data-element_type=\"section\">\n\t\t\t\t\t\t<div class=\"elementor-container elementor-column-gap-default\">\n\t\t\t\t\t<div class=\"elementor-column elementor-col-33 elementor-top-column elementor-element elementor-element-e1d4b8b\" data-id=\"e1d4b8b\" data-element_type=\"column\">\n\t\t\t<div class=\"elementor-widget-wrap\">\n\t\t\t\t\t\t\t<\/div>\n\t\t<\/div>\n\t\t\t\t<div class=\"elementor-column elementor-col-66 elementor-top-column elementor-element elementor-element-c2c097e\" data-id=\"c2c097e\" data-element_type=\"column\">\n\t\t\t<div class=\"elementor-widget-wrap elementor-element-populated\">\n\t\t\t\t\t\t<div class=\"elementor-element elementor-element-7e916e2 elementor-widget elementor-widget-heading\" data-id=\"7e916e2\" data-element_type=\"widget\" data-widget_type=\"heading.default\">\n\t\t\t\t<div class=\"elementor-widget-container\">\n\t\t\t\t\t<h2 class=\"elementor-heading-title elementor-size-default\">Luick voltou a estudar e voc\u00ea \u00e9 parte disso!<\/h2>\t\t\t\t<\/div>\n\t\t\t\t<\/div>\n\t\t\t\t<div class=\"elementor-element elementor-element-a722043 elementor-widget elementor-widget-image\" data-id=\"a722043\" data-element_type=\"widget\" data-widget_type=\"image.default\">\n\t\t\t\t<div class=\"elementor-widget-container\">\n\t\t\t\t\t\t\t\t\t\t\t\t<figure class=\"wp-caption\">\n\t\t\t\t\t\t\t\t\t\t<img decoding=\"async\" width=\"768\" height=\"512\" src=\"https:\/\/plkc.com.br\/wp-content\/uploads\/2021\/10\/maisconexao-maisdireitos-Luick-voltou-a-estudar-768x512.jpg\" class=\"attachment-medium_large size-medium_large wp-image-2427\" alt=\"Luick voltou a estudar\" srcset=\"https:\/\/plkc.com.br\/wp-content\/uploads\/2021\/10\/maisconexao-maisdireitos-Luick-voltou-a-estudar-768x512.jpg 768w, https:\/\/plkc.com.br\/wp-content\/uploads\/2021\/10\/maisconexao-maisdireitos-Luick-voltou-a-estudar-300x200.jpg 300w, https:\/\/plkc.com.br\/wp-content\/uploads\/2021\/10\/maisconexao-maisdireitos-Luick-voltou-a-estudar-18x12.jpg 18w, https:\/\/plkc.com.br\/wp-content\/uploads\/2021\/10\/maisconexao-maisdireitos-Luick-voltou-a-estudar.jpg 800w\" sizes=\"(max-width: 768px) 100vw, 768px\" \/>\t\t\t\t\t\t\t\t\t\t\t<figcaption class=\"widget-image-caption wp-caption-text\">Cr\u00e9dito da foto: UNICEF\/BRZ\/ Ruan Felipe<\/figcaption>\n\t\t\t\t\t\t\t\t\t\t<\/figure>\n\t\t\t\t\t\t\t\t\t<\/div>\n\t\t\t\t<\/div>\n\t\t\t\t<div class=\"elementor-element elementor-element-13737a4 elementor-widget elementor-widget-text-editor\" data-id=\"13737a4\" data-element_type=\"widget\" data-widget_type=\"text-editor.default\">\n\t\t\t\t<div class=\"elementor-widget-container\">\n\t\t\t\t\t\t\t\t\t<p>Luick Barbosa, adolescente de 16 anos e morador de Macap\u00e1, acaba de receber um dos 61 kits de conectividade distribu\u00eddos por meio da campanha #MaisConex\u00e3o e #MaisDireitos, parceira entre PLKC Advogados e UNICEF. Atualmente no 2\u00ba ano do ensino m\u00e9dio, Luick estudou por meio de atividades impressas fornecidas semanalmente pela escola durante todo o ano de 2020 e metade de 2021, pois n\u00e3o conseguiu acompanhar as aulas online. \u201cO ensino come\u00e7ava \u00e0s 9h, mas, como eu n\u00e3o tinha telefone, n\u00e3o tinha como acompanhar sempre. E tamb\u00e9m nem sempre tinha internet, ent\u00e3o recebia as atividades em casa\u201d, conta. \u201cAgora que estou voltando, quero recuperar o que perdi\u201d, completa.<\/p><p>Para que adolescentes como Luick possam permanecer conectados e estudando neste per\u00edodo de volta \u00e0s aulas no Amap\u00e1, PLKC Advogados, por meio da campanha #MaisConex\u00e3o e #MaisDireitos junto ao UNICEF, entregou 61 kits de conectividade na capital. Os kits s\u00e3o compostos por um aparelho de celular e um chip com recarga para cinco meses, um caderno, folhetos informativos com dicas de preven\u00e7\u00e3o contra a Covid-19, m\u00e1scaras e \u00e1lcool em gel. Al\u00e9m dessa distribui\u00e7\u00e3o, ser\u00e3o entregues mais 89 kits em Macap\u00e1 e 121 kits em S\u00e3o Paulo, para adolescentes e jovens em situa\u00e7\u00e3o de vulnerabilidade social.<\/p>\t\t\t\t\t\t\t\t<\/div>\n\t\t\t\t<\/div>\n\t\t\t\t\t<\/div>\n\t\t<\/div>\n\t\t\t\t\t<\/div>\n\t\t<\/section>\n\t\t\t\t<section class=\"elementor-section elementor-top-section elementor-element elementor-element-ea9b384 elementor-section-boxed elementor-section-height-default elementor-section-height-default\" data-id=\"ea9b384\" data-element_type=\"section\">\n\t\t\t\t\t\t<div class=\"elementor-container elementor-column-gap-default\">\n\t\t\t\t\t<div class=\"elementor-column elementor-col-33 elementor-top-column elementor-element elementor-element-3782059\" data-id=\"3782059\" data-element_type=\"column\">\n\t\t\t<div class=\"elementor-widget-wrap\">\n\t\t\t\t\t\t\t<\/div>\n\t\t<\/div>\n\t\t\t\t<div class=\"elementor-column elementor-col-66 elementor-top-column elementor-element elementor-element-6d00736\" data-id=\"6d00736\" data-element_type=\"column\">\n\t\t\t<div class=\"elementor-widget-wrap elementor-element-populated\">\n\t\t\t\t\t\t<div class=\"elementor-element elementor-element-47a39c3 elementor-widget elementor-widget-heading\" data-id=\"47a39c3\" data-element_type=\"widget\" data-widget_type=\"heading.default\">\n\t\t\t\t<div class=\"elementor-widget-container\">\n\t\t\t\t\t<h2 class=\"elementor-heading-title elementor-size-default\">Relat\u00f3rio final da campanha:<\/h2>\t\t\t\t<\/div>\n\t\t\t\t<\/div>\n\t\t\t\t<div class=\"elementor-element elementor-element-783568a elementor-widget elementor-widget-image\" data-id=\"783568a\" data-element_type=\"widget\" data-widget_type=\"image.default\">\n\t\t\t\t<div class=\"elementor-widget-container\">\n\t\t\t\t\t\t\t\t\t\t\t\t<figure class=\"wp-caption\">\n\t\t\t\t\t\t\t\t\t\t\t<a href=\"https:\/\/plkc.com.br\/wp-content\/uploads\/2021\/10\/maisconexao-maisdireitos-relatorio-final-1.jpg\" data-elementor-open-lightbox=\"yes\" data-elementor-lightbox-title=\"maisconexao maisdireitos relatorio final 1\" data-e-action-hash=\"#elementor-action%3Aaction%3Dlightbox%26settings%3DeyJpZCI6MjQzMCwidXJsIjoiaHR0cHM6XC9cL3Bsa2MuY29tLmJyXC93cC1jb250ZW50XC91cGxvYWRzXC8yMDIxXC8xMFwvbWFpc2NvbmV4YW8tbWFpc2RpcmVpdG9zLXJlbGF0b3Jpby1maW5hbC0xLmpwZyJ9\">\n\t\t\t\t\t\t\t<img loading=\"lazy\" decoding=\"async\" width=\"800\" height=\"450\" src=\"https:\/\/plkc.com.br\/wp-content\/uploads\/2021\/10\/maisconexao-maisdireitos-relatorio-final-1-1024x576.jpg\" class=\"attachment-large size-large wp-image-2430\" alt=\"maisconexao maisdireitos relatorio final\" srcset=\"https:\/\/plkc.com.br\/wp-content\/uploads\/2021\/10\/maisconexao-maisdireitos-relatorio-final-1-1024x576.jpg 1024w, https:\/\/plkc.com.br\/wp-content\/uploads\/2021\/10\/maisconexao-maisdireitos-relatorio-final-1-300x169.jpg 300w, https:\/\/plkc.com.br\/wp-content\/uploads\/2021\/10\/maisconexao-maisdireitos-relatorio-final-1-768x432.jpg 768w, https:\/\/plkc.com.br\/wp-content\/uploads\/2021\/10\/maisconexao-maisdireitos-relatorio-final-1-1536x864.jpg 1536w, https:\/\/plkc.com.br\/wp-content\/uploads\/2021\/10\/maisconexao-maisdireitos-relatorio-final-1-18x10.jpg 18w, https:\/\/plkc.com.br\/wp-content\/uploads\/2021\/10\/maisconexao-maisdireitos-relatorio-final-1.jpg 1920w\" sizes=\"(max-width: 800px) 100vw, 800px\" \/>\t\t\t\t\t\t\t\t<\/a>\n\t\t\t\t\t\t\t\t\t\t\t<figcaption class=\"widget-image-caption wp-caption-text\"><\/figcaption>\n\t\t\t\t\t\t\t\t\t\t<\/figure>\n\t\t\t\t\t\t\t\t\t<\/div>\n\t\t\t\t<\/div>\n\t\t\t\t<div class=\"elementor-element elementor-element-b20e701 elementor-widget elementor-widget-image\" data-id=\"b20e701\" data-element_type=\"widget\" data-widget_type=\"image.default\">\n\t\t\t\t<div class=\"elementor-widget-container\">\n\t\t\t\t\t\t\t\t\t\t\t\t<figure class=\"wp-caption\">\n\t\t\t\t\t\t\t\t\t\t\t<a href=\"https:\/\/plkc.com.br\/wp-content\/uploads\/2021\/10\/maisconexao-maisdireitos-relatorio-final-2-1.jpg\" data-elementor-open-lightbox=\"yes\" data-elementor-lightbox-title=\"maisconexao maisdireitos relatorio final 2\" data-e-action-hash=\"#elementor-action%3Aaction%3Dlightbox%26settings%3DeyJpZCI6MjQzMSwidXJsIjoiaHR0cHM6XC9cL3Bsa2MuY29tLmJyXC93cC1jb250ZW50XC91cGxvYWRzXC8yMDIxXC8xMFwvbWFpc2NvbmV4YW8tbWFpc2RpcmVpdG9zLXJlbGF0b3Jpby1maW5hbC0yLTEuanBnIn0%3D\">\n\t\t\t\t\t\t\t<img loading=\"lazy\" decoding=\"async\" width=\"800\" height=\"450\" src=\"https:\/\/plkc.com.br\/wp-content\/uploads\/2021\/10\/maisconexao-maisdireitos-relatorio-final-2-1-1024x576.jpg\" class=\"attachment-large size-large wp-image-2431\" alt=\"\" srcset=\"https:\/\/plkc.com.br\/wp-content\/uploads\/2021\/10\/maisconexao-maisdireitos-relatorio-final-2-1-1024x576.jpg 1024w, https:\/\/plkc.com.br\/wp-content\/uploads\/2021\/10\/maisconexao-maisdireitos-relatorio-final-2-1-300x169.jpg 300w, https:\/\/plkc.com.br\/wp-content\/uploads\/2021\/10\/maisconexao-maisdireitos-relatorio-final-2-1-768x432.jpg 768w, https:\/\/plkc.com.br\/wp-content\/uploads\/2021\/10\/maisconexao-maisdireitos-relatorio-final-2-1-1536x864.jpg 1536w, https:\/\/plkc.com.br\/wp-content\/uploads\/2021\/10\/maisconexao-maisdireitos-relatorio-final-2-1-18x10.jpg 18w, https:\/\/plkc.com.br\/wp-content\/uploads\/2021\/10\/maisconexao-maisdireitos-relatorio-final-2-1.jpg 1920w\" sizes=\"(max-width: 800px) 100vw, 800px\" \/>\t\t\t\t\t\t\t\t<\/a>\n\t\t\t\t\t\t\t\t\t\t\t<figcaption class=\"widget-image-caption wp-caption-text\"><\/figcaption>\n\t\t\t\t\t\t\t\t\t\t<\/figure>\n\t\t\t\t\t\t\t\t\t<\/div>\n\t\t\t\t<\/div>\n\t\t\t\t\t<\/div>\n\t\t<\/div>\n\t\t\t\t\t<\/div>\n\t\t<\/section>\n\t\t\t\t<\/div>","protected":false},"excerpt":{"rendered":"<p>Responsabilidade Social #MaisConex\u00e3o #MaisDireitos PLKC Advogados e UNICEF fazem parceria em prol da educa\u00e7\u00e3o de jovens em situa\u00e7\u00e3o de vulnerabilidade e lan\u00e7am a campanha #MaisConex\u00e3o #MaisDireitos. Al\u00e9m do impacto direto na sa\u00fade de milhares de pessoas, a crise da COVID-19 tamb\u00e9m tem acelerado as desigualdades sociais e econ\u00f4micas existentes entre diferentes grupos da sociedade brasileira, [&hellip;]<\/p>","protected":false},"author":2,"featured_media":0,"parent":0,"menu_order":0,"comment_status":"closed","ping_status":"closed","template":"elementor_header_footer","meta":{"footnotes":"","_links_to":"","_links_to_target":""},"class_list":["post-2424","page","type-page","status-publish","hentry"],"_links":{"self":[{"href":"https:\/\/plkc.com.br\/en\/wp-json\/wp\/v2\/pages\/2424","targetHints":{"allow":["GET"]}}],"collection":[{"href":"https:\/\/plkc.com.br\/en\/wp-json\/wp\/v2\/pages"}],"about":[{"href":"https:\/\/plkc.com.br\/en\/wp-json\/wp\/v2\/types\/page"}],"author":[{"embeddable":true,"href":"https:\/\/plkc.com.br\/en\/wp-json\/wp\/v2\/users\/2"}],"replies":[{"embeddable":true,"href":"https:\/\/plkc.com.br\/en\/wp-json\/wp\/v2\/comments?post=2424"}],"version-history":[{"count":0,"href":"https:\/\/plkc.com.br\/en\/wp-json\/wp\/v2\/pages\/2424\/revisions"}],"wp:attachment":[{"href":"https:\/\/plkc.com.br\/en\/wp-json\/wp\/v2\/media?parent=2424"}],"curies":[{"name":"wp","href":"https:\/\/api.w.org\/{rel}","templated":true}]}}